{"id":27,"date":"2017-05-15T16:16:54","date_gmt":"2017-05-15T14:16:54","guid":{"rendered":"http:\/\/s525021214.online.de\/cms\/?page_id=27"},"modified":"2025-02-04T09:29:51","modified_gmt":"2025-02-04T08:29:51","slug":"kontakt","status":"publish","type":"page","link":"https:\/\/www.vit-gmbh.de\/en\/kontakt\/","title":{"rendered":"Contact"},"content":{"rendered":"<div  class='av_gmaps_sc_main_wrap av_gmaps_main_wrap'><div id='av_gmap_0' class='avia-google-map-container avia-google-map-sc av_gmaps_show_unconditionally av-no-fallback-img' data-mapid='av_gmap_0'  style='padding-bottom: 50%;'><a class=\"av_gmaps_browser_disabled av_text_confirm_link av_text_confirm_link_visible\" href=\"https:\/\/www.google.com\/maps\/search\/?api=1&#038;query=M\u00f6rikestra\u00dfe%2067%2070199%20Stuttgart%20Baden-W\u00fcrttemberg%20Deutschland\" target=\"_blank\">Maps were disabled by the visitor on this site. Click to open the map in a new window.<\/a><\/div><\/div>\n<div id='av_section_1'  class='avia-section av-6r59f-8df3faa346e0b22e7aafd73a95f7bd61 main_color avia-section-default avia-no-border-styling  avia-builder-el-1  el_after_av_google_map  avia-builder-el-last  avia-bg-style-scroll container_wrap sidebar_right'  ><div class='container av-section-cont-open' ><div class='template-page content  av-content-small alpha units'><div class='post-entry post-entry-type-page post-entry-27'><div class='entry-content-wrapper clearfix'>\n\n<style type=\"text\/css\" data-created_by=\"avia_inline_auto\" id=\"style-css-av-6fjlb-ccd76f327fd5bce5878b78778b8f5b88\">\n.flex_column.av-6fjlb-ccd76f327fd5bce5878b78778b8f5b88{\nborder-radius:0px 0px 0px 0px;\npadding:0px 0px 30px 0px;\n}\n<\/style>\n<div  class='flex_column av-6fjlb-ccd76f327fd5bce5878b78778b8f5b88 av_three_fourth  avia-builder-el-2  el_before_av_one_fourth  avia-builder-el-first  first flex_column_div'     ><form action=\"https:\/\/www.vit-gmbh.de\/en\/kontakt\/\" method=\"post\" data-fields-with-error=\"Found errors in the following field(s):\" class=\"avia_ajax_form av-form-labels-hidden   avia-builder-el-3  avia-builder-el-no-sibling  av-custom-form-color av-dark-form\" data-avia-form-id=\"1\" data-avia-redirect='' data-trp-original-action=\"https:\/\/www.vit-gmbh.de\/en\/kontakt\/\" ><fieldset><p class='first_form  form_element form_fullwidth' id='element_avia_1_1'><label for=\"avia_1_1\">Name <abbr class=\"required\" title=\"required\">*<\/abbr><\/label> <input name=\"avia_1_1\" class=\"text_input is_empty\" type=\"text\" id=\"avia_1_1\" value=\"\"  placeholder='Name*'\/><\/p><p class='first_form  form_element form_fullwidth' id='element_avia_2_1'><label for=\"avia_2_1\">Subject <abbr class=\"required\" title=\"required\">*<\/abbr><\/label><select  name=\"avia_2_1\" class=\"select is_empty\" id=\"avia_2_1\"><option class=\"av-placeholder\" disabled=\"disabled\" selected=\"selected\" value=''>Subject<\/option><option   value='Allgemeines'>Common<\/option><option   value='Buchbestellung'>Book order<\/option><option   value='Anfrage'>Anfrage<\/option><option   value='Nachfrage'>Nachfrage<\/option><\/select><\/p><p class='first_form  form_element form_fullwidth' id='element_avia_3_1'><label for=\"avia_3_1\">Your email address <abbr class=\"required\" title=\"required\">*<\/abbr><\/label> <input name=\"avia_3_1\" class=\"text_input is_email\" type=\"text\" id=\"avia_3_1\" value=\"\"  placeholder='Your email address'\/><\/p><p class='first_form  form_element form_fullwidth' id='element_avia_4_1'><label for=\"avia_4_1\" class=\"textare_label hidden textare_label_avia_4_1\">Message <abbr class=\"required\" title=\"required\">*<\/abbr><\/label><textarea  placeholder='Message' name=\"avia_4_1\" class=\"text_area is_empty\" cols=\"40\" rows=\"7\" id=\"avia_4_1\" ><\/textarea><\/p><p class=\"hidden\"><input type=\"text\" name=\"avia_5_1\" class=\"hidden\" id=\"avia_5_1\" value=\"\" \/><\/p><p class='form_element form_fullwidth av-last-visible-form-element' id='element_avia_6_1'><span class='value_verifier_label'>5 + 2 = ?<\/span><input name=\"avia_6_1_verifier\" type=\"hidden\" id=\"avia_6_1_verifier\" value=\"567344252\"\/><label for=\"avia_6_1\">Please prove that you are human by solving the equation <abbr class=\"required\" title=\"required\">*<\/abbr><\/label><input name=\"avia_6_1\" class=\"text_input captcha\" type=\"text\" id=\"avia_6_1\" value=\"\"\/><\/p><p class='av_form_privacy_check av_contact_privacy_check first_form  form_element form_fullwidth' id='element_avia_7_1'><input  name=\"avia_7_1\" class=\"input_checkbox is_empty\" type=\"checkbox\" id=\"avia_7_1\" value=\"true\"\/><label class=\"input_checkbox_label\" for=\"avia_7_1\">Ich habe die Hinweise zum Datenschutz zur Kenntnis genommen:  <a href='https:\/\/www.vit-gmbh.de\/en\/datenschutzerklaerung\/' target='_blank'>Datenschutzerkl\u00e4rung<\/a> <abbr class=\"required\" title=\"required\">*<\/abbr><\/label><\/p><p class=\"form_element\"><input type=\"hidden\" value=\"1\" name=\"avia_generated_form1\" \/><input type=\"submit\" value=\"Send\" class=\"button\"  data-sending-label=\"Sending\"\/><\/p><\/fieldset><input type=\"hidden\" name=\"trp-form-language\" value=\"en\"\/><\/form><div id=\"ajaxresponse_1\" class=\"ajaxresponse ajaxresponse_1 hidden\"><\/div><\/div>\n<style type=\"text\/css\" data-created_by=\"avia_inline_auto\" id=\"style-css-av-2sign-2a1e136e8e6aa6d3e6cac5234fa9563b\">\n.flex_column.av-2sign-2a1e136e8e6aa6d3e6cac5234fa9563b{\nborder-radius:0px 0px 0px 0px;\npadding:0px 0px 0px 0px;\n}\n<\/style>\n<div  class='flex_column av-2sign-2a1e136e8e6aa6d3e6cac5234fa9563b av_one_fourth  avia-builder-el-4  el_after_av_three_fourth  avia-builder-el-last  flex_column_div av-zero-column-padding'     ><section  class='av_textblock_section av-1va37-29f2d2b1cc52f46c4fbd312f7baf36f2'   itemscope=\"itemscope\" itemtype=\"https:\/\/schema.org\/CreativeWork\" ><div class='avia_textblock'  itemprop=\"text\" ><h3>V.I.T. GmbH<\/h3>\n<p><a href=\"https:\/\/goo.gl\/maps\/eqNwY9eFL1t3FFpLA\">M\u00f6rikestra\u00dfe 67<\/a><br \/>\n<a href=\"https:\/\/goo.gl\/maps\/eqNwY9eFL1t3FFpLA\">D 70199 Stuttgart<\/a><\/p>\n<p>Fon +49 (0)711 1327322<br \/>\nFax +49 (0)711 1327333<\/p>\n<p><a href=\"mailto:info@vit-gmbh.de\">info@vit-gmbh.de<\/a><br \/>\nwww.vit-gmbh.de<\/p>\n<\/div><\/section><br \/>\n\n<style type=\"text\/css\" data-created_by=\"avia_inline_auto\" id=\"style-css-av-1d5mb-822a1c5faff0393ba264081e6f5eefab\">\n#top .hr.hr-invisible.av-1d5mb-822a1c5faff0393ba264081e6f5eefab{\nheight:15px;\n}\n<\/style>\n<div  class='hr av-1d5mb-822a1c5faff0393ba264081e6f5eefab hr-invisible  avia-builder-el-6  el_after_av_textblock  el_before_av_sidebar'><span class='hr-inner'><span class=\"hr-inner-style\"><\/span><\/span><\/div><br \/>\n<div  class='avia-builder-widget-area clearfix  avia-builder-el-7  el_after_av_hr  avia-builder-el-last'><section id=\"avia_fb_likebox-3\" class=\"widget clearfix avia-widget-container avia_fb_likebox avia_no_block_preview\"><div class=\"avia-preview-headline\">Enfold  Child Facebook Likebox<\/div><div class=\"avia-preview-info\">Title: <\/div><div class=\"avia-preview-info\">URL: https:\/\/www.facebook.com\/VIT-GmbH-162811770578762\/<\/div><div class=\"avia-preview-in-front\">Content is only rendered in frontend.<\/div><span class=\"seperator extralight-border\"><\/span><\/section><\/div><\/p><\/div>\n<\/div><\/div><\/div><!-- close content main div --><\/div><\/div><div id='after_section_1'  class='main_color av_default_container_wrap container_wrap sidebar_right'  ><div class='container av-section-cont-open' ><div class='template-page content  av-content-small alpha units'><div class='post-entry post-entry-type-page post-entry-27'><div class='entry-content-wrapper clearfix'>","protected":false},"excerpt":{"rendered":"","protected":false},"author":1,"featured_media":0,"parent":0,"menu_order":0,"comment_status":"closed","ping_status":"closed","template":"","meta":{"footnotes":""},"class_list":["post-27","page","type-page","status-publish","hentry"],"yoast_head":"<!-- This site is optimized with the Yoast SEO plugin v27.4 - https:\/\/yoast.com\/product\/yoast-seo-wordpress\/ -->\n<title>Kontakt - V.I.T. GmbH<\/title>\n<meta name=\"description\" content=\"V.I.T. GmbH, Veranstaltungen, Incentives, Trainings, 73760 Ostfildern bei Stuttgart, \u2709 info@vit-gmbh.de, \u2706 0711 1327322 \u27a5 Jetzt Kontakt mit uns aufnehmen!\" \/>\n<meta name=\"robots\" content=\"index, follow, max-snippet:-1, max-image-preview:large, max-video-preview:-1\" \/>\n<link rel=\"canonical\" href=\"https:\/\/www.vit-gmbh.de\/en\/kontakt\/\" \/>\n<meta property=\"og:locale\" content=\"en_US\" \/>\n<meta property=\"og:type\" content=\"article\" \/>\n<meta property=\"og:title\" content=\"Kontakt - V.I.T. GmbH\" \/>\n<meta property=\"og:description\" content=\"V.I.T. GmbH, Veranstaltungen, Incentives, Trainings, 73760 Ostfildern bei Stuttgart, \u2709 info@vit-gmbh.de, \u2706 0711 1327322 \u27a5 Jetzt Kontakt mit uns aufnehmen!\" \/>\n<meta property=\"og:url\" content=\"https:\/\/www.vit-gmbh.de\/en\/kontakt\/\" \/>\n<meta property=\"og:site_name\" content=\"V.I.T. GmbH\" \/>\n<meta property=\"article:modified_time\" content=\"2025-02-04T08:29:51+00:00\" \/>\n<meta name=\"twitter:card\" content=\"summary_large_image\" \/>\n<meta name=\"twitter:label1\" content=\"Est. reading time\" \/>\n\t<meta name=\"twitter:data1\" content=\"1 minute\" \/>\n<script type=\"application\/ld+json\" class=\"yoast-schema-graph\">{\"@context\":\"https:\\\/\\\/schema.org\",\"@graph\":[{\"@type\":\"WebPage\",\"@id\":\"https:\\\/\\\/www.vit-gmbh.de\\\/kontakt\\\/\",\"url\":\"https:\\\/\\\/www.vit-gmbh.de\\\/kontakt\\\/\",\"name\":\"Kontakt - V.I.T. GmbH\",\"isPartOf\":{\"@id\":\"https:\\\/\\\/www.vit-gmbh.de\\\/#website\"},\"datePublished\":\"2017-05-15T14:16:54+00:00\",\"dateModified\":\"2025-02-04T08:29:51+00:00\",\"description\":\"V.I.T. GmbH, Veranstaltungen, Incentives, Trainings, 73760 Ostfildern bei Stuttgart, \u2709 info@vit-gmbh.de, \u2706 0711 1327322 \u27a5 Jetzt Kontakt mit uns aufnehmen!\",\"breadcrumb\":{\"@id\":\"https:\\\/\\\/www.vit-gmbh.de\\\/kontakt\\\/#breadcrumb\"},\"inLanguage\":\"en-US\",\"potentialAction\":[{\"@type\":\"ReadAction\",\"target\":[\"https:\\\/\\\/www.vit-gmbh.de\\\/kontakt\\\/\"]}]},{\"@type\":\"BreadcrumbList\",\"@id\":\"https:\\\/\\\/www.vit-gmbh.de\\\/kontakt\\\/#breadcrumb\",\"itemListElement\":[{\"@type\":\"ListItem\",\"position\":1,\"name\":\"Startseite\",\"item\":\"https:\\\/\\\/www.vit-gmbh.de\\\/\"},{\"@type\":\"ListItem\",\"position\":2,\"name\":\"Kontakt\"}]},{\"@type\":\"WebSite\",\"@id\":\"https:\\\/\\\/www.vit-gmbh.de\\\/#website\",\"url\":\"https:\\\/\\\/www.vit-gmbh.de\\\/\",\"name\":\"V.I.T. GmbH\",\"description\":\"Veranstaltungen, Incentives und Trainings\",\"potentialAction\":[{\"@type\":\"SearchAction\",\"target\":{\"@type\":\"EntryPoint\",\"urlTemplate\":\"https:\\\/\\\/www.vit-gmbh.de\\\/?s={search_term_string}\"},\"query-input\":{\"@type\":\"PropertyValueSpecification\",\"valueRequired\":true,\"valueName\":\"search_term_string\"}}],\"inLanguage\":\"en-US\"}]}<\/script>\n<!-- \/ Yoast SEO plugin. -->","yoast_head_json":{"title":"Kontakt - V.I.T. GmbH","description":"V.I.T. GmbH, Veranstaltungen, Incentives, Trainings, 73760 Ostfildern bei Stuttgart, \u2709 info@vit-gmbh.de, \u2706 0711 1327322 \u27a5 Jetzt Kontakt mit uns aufnehmen!","robots":{"index":"index","follow":"follow","max-snippet":"max-snippet:-1","max-image-preview":"max-image-preview:large","max-video-preview":"max-video-preview:-1"},"canonical":"https:\/\/www.vit-gmbh.de\/en\/kontakt\/","og_locale":"en_US","og_type":"article","og_title":"Kontakt - V.I.T. GmbH","og_description":"V.I.T. GmbH, Veranstaltungen, Incentives, Trainings, 73760 Ostfildern bei Stuttgart, \u2709 info@vit-gmbh.de, \u2706 0711 1327322 \u27a5 Jetzt Kontakt mit uns aufnehmen!","og_url":"https:\/\/www.vit-gmbh.de\/en\/kontakt\/","og_site_name":"V.I.T. GmbH","article_modified_time":"2025-02-04T08:29:51+00:00","twitter_card":"summary_large_image","twitter_misc":{"Est. reading time":"1 minute"},"schema":{"@context":"https:\/\/schema.org","@graph":[{"@type":"WebPage","@id":"https:\/\/www.vit-gmbh.de\/kontakt\/","url":"https:\/\/www.vit-gmbh.de\/kontakt\/","name":"Kontakt - V.I.T. GmbH","isPartOf":{"@id":"https:\/\/www.vit-gmbh.de\/#website"},"datePublished":"2017-05-15T14:16:54+00:00","dateModified":"2025-02-04T08:29:51+00:00","description":"V.I.T. GmbH, Veranstaltungen, Incentives, Trainings, 73760 Ostfildern bei Stuttgart, \u2709 info@vit-gmbh.de, \u2706 0711 1327322 \u27a5 Jetzt Kontakt mit uns aufnehmen!","breadcrumb":{"@id":"https:\/\/www.vit-gmbh.de\/kontakt\/#breadcrumb"},"inLanguage":"en-US","potentialAction":[{"@type":"ReadAction","target":["https:\/\/www.vit-gmbh.de\/kontakt\/"]}]},{"@type":"BreadcrumbList","@id":"https:\/\/www.vit-gmbh.de\/kontakt\/#breadcrumb","itemListElement":[{"@type":"ListItem","position":1,"name":"Startseite","item":"https:\/\/www.vit-gmbh.de\/"},{"@type":"ListItem","position":2,"name":"Kontakt"}]},{"@type":"WebSite","@id":"https:\/\/www.vit-gmbh.de\/#website","url":"https:\/\/www.vit-gmbh.de\/","name":"V.I.T. GmbH","description":"Veranstaltungen, Incentives und Trainings","potentialAction":[{"@type":"SearchAction","target":{"@type":"EntryPoint","urlTemplate":"https:\/\/www.vit-gmbh.de\/?s={search_term_string}"},"query-input":{"@type":"PropertyValueSpecification","valueRequired":true,"valueName":"search_term_string"}}],"inLanguage":"en-US"}]}},"_links":{"self":[{"href":"https:\/\/www.vit-gmbh.de\/en\/wp-json\/wp\/v2\/pages\/27","targetHints":{"allow":["GET"]}}],"collection":[{"href":"https:\/\/www.vit-gmbh.de\/en\/wp-json\/wp\/v2\/pages"}],"about":[{"href":"https:\/\/www.vit-gmbh.de\/en\/wp-json\/wp\/v2\/types\/page"}],"author":[{"embeddable":true,"href":"https:\/\/www.vit-gmbh.de\/en\/wp-json\/wp\/v2\/users\/1"}],"replies":[{"embeddable":true,"href":"https:\/\/www.vit-gmbh.de\/en\/wp-json\/wp\/v2\/comments?post=27"}],"version-history":[{"count":58,"href":"https:\/\/www.vit-gmbh.de\/en\/wp-json\/wp\/v2\/pages\/27\/revisions"}],"predecessor-version":[{"id":5645,"href":"https:\/\/www.vit-gmbh.de\/en\/wp-json\/wp\/v2\/pages\/27\/revisions\/5645"}],"wp:attachment":[{"href":"https:\/\/www.vit-gmbh.de\/en\/wp-json\/wp\/v2\/media?parent=27"}],"curies":[{"name":"wp","href":"https:\/\/api.w.org\/{rel}","templated":true}]}}